{"id":2550,"date":"2025-01-07T04:38:24","date_gmt":"2025-01-07T09:38:24","guid":{"rendered":"https:\/\/site-dev.ca\/_WpBase\/?page_id=2550"},"modified":"2026-02-10T08:19:41","modified_gmt":"2026-02-10T13:19:41","slug":"politique-de-confidentialite","status":"publish","type":"page","link":"https:\/\/telecommstrategies.com\/fr\/politique-de-confidentialite\/","title":{"rendered":"Politique de confidentialit\u00e9"},"content":{"rendered":"<p>Derni\u00e8re mise \u00e0 jour : 9\/02\/2026<\/p>\n<p><strong>1. Introduction<br \/>\n<\/strong>Bienvenue sur telecommstrategies.com (le \u00ab\u00a0Site\u00a0\u00bb). Chez Telecomm Strategies (la \u00ab\u00a0Soci\u00e9t\u00e9\u00a0\u00bb), nous nous engageons \u00e0 prot\u00e9ger votre vie priv\u00e9e et \u00e0 nous conformer aux lois applicables en mati\u00e8re de protection des donn\u00e9es. La pr\u00e9sente politique de confidentialit\u00e9 (la \u00ab\u00a0Politique\u00a0\u00bb) explique comment nous recueillons, utilisons, divulguons et prot\u00e9geons vos informations personnelles lorsque vous utilisez notre Site.<\/p>\n<p><strong>2. Collecte d&rsquo;informations personnelles<br \/>\n<\/strong>Nous pouvons collecter les types d&rsquo;informations personnelles suivants lorsque vous utilisez notre site :<\/p>\n<ul>\n<li>Informations d&rsquo;identification (par exemple, nom, adresse, adresse \u00e9lectronique, num\u00e9ro de t\u00e9l\u00e9phone).<\/li>\n<li>Informations de connexion (par exemple, adresses IP, informations de connexion, type de navigateur, fuseau horaire, localisation, donn\u00e9es sur la mani\u00e8re dont vous interagissez avec le site).<\/li>\n<li>d&rsquo;autres informations que vous choisissez de nous fournir (par exemple, des commentaires, des questions, des pr\u00e9f\u00e9rences en mati\u00e8re de communication).<\/li>\n<\/ul>\n<p><strong>3. Cookies<\/strong><\/p>\n<p><strong>3.1 D\u00e9finition<br \/>\n<\/strong>Un cookie est un petit fichier texte stock\u00e9 sur l&rsquo;ordinateur ou l&rsquo;appareil de l&rsquo;utilisateur par un site web qu&rsquo;il visite. Les cookies sont utilis\u00e9s pour collecter des informations sur les activit\u00e9s de navigation de l&rsquo;utilisateur, telles que ses pr\u00e9f\u00e9rences, ses param\u00e8tres de connexion, ses habitudes de navigation et d&rsquo;autres donn\u00e9es similaires. Ces informations peuvent \u00eatre utilis\u00e9es pour personnaliser l&rsquo;exp\u00e9rience de l&rsquo;utilisateur sur un site web, suivre son comportement en ligne et activer certaines fonctions, telles que le maintien d&rsquo;une session de connexion.<\/p>\n<p><strong>3.2 Cat\u00e9gories de cookies<\/strong><\/p>\n<ol>\n<li><strong>N\u00e9cessaires<\/strong><br \/>\nLes cookies n\u00e9cessaires sont requis pour permettre les fonctions de base de ce site, telles que la connexion s\u00e9curis\u00e9e ou l&rsquo;ajustement de vos pr\u00e9f\u00e9rences en mati\u00e8re de consentement. Ces cookies ne stockent aucune donn\u00e9e personnelle identifiable.<\/li>\n<li><strong>Performance<\/strong><br \/>\nLes cookies de performance sont utilis\u00e9s pour comprendre et analyser les principaux indices de performance du site web, ce qui permet d&rsquo;offrir une meilleure exp\u00e9rience utilisateur aux visiteurs.<\/li>\n<li><strong>Fonctionnels<\/strong><br \/>\nLes cookies fonctionnels permettent de r\u00e9aliser certaines fonctionnalit\u00e9s telles que le partage du contenu du site web sur des plateformes de m\u00e9dias sociaux, la collecte de commentaires et d&rsquo;autres fonctions de tiers.<\/li>\n<li><strong>Publicit\u00e9<\/strong><br \/>\nLes cookies publicitaires sont utilis\u00e9s pour fournir aux visiteurs des publicit\u00e9s personnalis\u00e9es bas\u00e9es sur les pages que vous avez visit\u00e9es pr\u00e9c\u00e9demment et pour analyser l&rsquo;efficacit\u00e9 des campagnes publicitaires.<\/li>\n<\/ol>\n<p><strong>3.3 Activer\/d\u00e9sactiver et supprimer les cookies<br \/>\n<\/strong>Vous avez la possibilit\u00e9 d&rsquo;utiliser votre navigateur web pour supprimer automatiquement ou manuellement les cookies. Vous pouvez \u00e9galement sp\u00e9cifier que certains cookies ne doivent pas \u00eatre stock\u00e9s. Vous pouvez \u00e9galement r\u00e9gler les param\u00e8tres de votre navigateur web de mani\u00e8re \u00e0 recevoir une notification chaque fois qu&rsquo;un cookie est plac\u00e9. Pour plus d&rsquo;informations sur ces options, veuillez consulter les instructions de la section d&rsquo;aide de votre navigateur.<\/p>\n<p>Veuillez noter que notre site web peut ne pas fonctionner correctement si tous les cookies sont d\u00e9sactiv\u00e9s. Si vous supprimez les cookies dans votre navigateur, ils seront r\u00e9install\u00e9s apr\u00e8s votre consentement lorsque vous visiterez \u00e0 nouveau notre site web.<\/p>\n<p><strong>4. Utilisation des informations personnelles<br \/>\n<\/strong>Nous utilisons les informations personnelles collect\u00e9es aux fins suivantes :<\/p>\n<ul>\n<li>Fournir et g\u00e9rer notre site.<\/li>\n<li>R\u00e9pondre \u00e0 vos demandes, commentaires ou questions.<\/li>\n<li>Personnaliser votre exp\u00e9rience sur notre site.<\/li>\n<li>vous fournir des informations, des offres ou des promotions sur nos produits ou services (avec votre consentement, le cas \u00e9ch\u00e9ant).<\/li>\n<li>remplir nos obligations l\u00e9gales et r\u00e9glementaires.<\/li>\n<\/ul>\n<p><strong>5. Partage des informations personnelles<br \/>\n<\/strong>Nous pouvons partager vos informations personnelles avec les tiers suivants :<\/p>\n<ul>\n<li>Les prestataires de services tiers qui nous aident \u00e0 exploiter notre site et \u00e0 fournir nos services.<\/li>\n<li>Les autorit\u00e9s gouvernementales ou les organismes de r\u00e9glementation pour se conformer \u00e0 nos obligations l\u00e9gales et r\u00e9glementaires.<\/li>\n<li>dans le cadre de fusions, d&rsquo;acquisitions ou d&rsquo;autres transactions commerciales, si vos informations personnelles font partie des actifs transf\u00e9r\u00e9s.<\/li>\n<\/ul>\n<p><strong>6. Protection des informations personnelles<br \/>\n<\/strong>Nous prenons des mesures raisonnables pour prot\u00e9ger vos informations personnelles contre la perte, l&rsquo;utilisation abusive, l&rsquo;acc\u00e8s non autoris\u00e9, la divulgation, l&rsquo;alt\u00e9ration ou la destruction. Toutes les donn\u00e9es sont stock\u00e9es sur des serveurs dot\u00e9s de syst\u00e8mes de haute s\u00e9curit\u00e9, prot\u00e9g\u00e9s contre les acc\u00e8s non autoris\u00e9s et les abus. En outre, seules les personnes (employ\u00e9s ou agents) qui ont besoin d&rsquo;acc\u00e9der aux informations dans le cadre de leurs fonctions y ont acc\u00e8s.<\/p>\n<p><strong>7. Liens externes sur notre site<br \/>\n<\/strong>Le site peut inclure des liens vers des sites web exploit\u00e9s par des tiers. En cliquant sur ces liens, vous quittez le site. La Soci\u00e9t\u00e9 n&rsquo;a aucun contr\u00f4le sur le fonctionnement de ces sites web, et leur inclusion sur notre Site n&rsquo;implique en aucun cas la responsabilit\u00e9 de la Soci\u00e9t\u00e9 \u00e0 leur \u00e9gard. Toute information personnelle que vous fournissez par l&rsquo;interm\u00e9diaire de ces sites web sera soumise \u00e0 leurs politiques de confidentialit\u00e9 respectives.<\/p>\n<p><strong>8. Vos droits<br \/>\n<\/strong>Vous disposez de certains droits concernant vos informations personnelles, notamment le droit d&rsquo;acc\u00e9der \u00e0 vos informations personnelles, de les corriger, de les supprimer et d&rsquo;en limiter l&rsquo;utilisation. Vous pouvez \u00e9galement vous opposer au traitement de vos informations personnelles \u00e0 des fins de marketing direct. Pour exercer ces droits, veuillez nous contacter \u00e0 l&rsquo;adresse <a href=\"mailto:phil@telecommstrategies.com\">phil@telecommstrategies.com<\/a>.<\/p>\n<p><strong>9. Modifications de la politique<br \/>\n<\/strong>Nous pouvons mettre \u00e0 jour la pr\u00e9sente politique de temps \u00e0 autre afin de refl\u00e9ter les modifications apport\u00e9es \u00e0 nos pratiques en mati\u00e8re de traitement des donn\u00e9es \u00e0 caract\u00e8re personnel. La version la plus r\u00e9cente de la politique sera toujours disponible sur notre site.<\/p>\n<p><strong>10. Nous contacter<br \/>\n<\/strong>Si vous avez des questions, des pr\u00e9occupations ou des demandes concernant la pr\u00e9sente politique, veuillez nous contacter \u00e0 l&rsquo;adresse suivante :<\/p>\n<p><strong>Dr. Philippe Dupuis<\/strong><br \/>\nPr\u00e9sident et consultant en strat\u00e9gie spectrale<\/p>\n<p><a href=\"mailto:phil@telecommstrategies.com\">phil@telecommstrategies.com<\/a><\/p>\n","protected":false},"excerpt":{"rendered":"<p>Derni\u00e8re mise \u00e0 jour : 9\/02\/2026 1. Introduction Bienvenue sur telecommstrategies.com (le \u00ab\u00a0Site\u00a0\u00bb). Chez Telecomm Strategies (la \u00ab\u00a0Soci\u00e9t\u00e9\u00a0\u00bb), nous nous engageons \u00e0 prot\u00e9ger votre vie priv\u00e9e et \u00e0 nous conformer aux lois applicables en mati\u00e8re de protection des donn\u00e9es. La pr\u00e9sente politique de confidentialit\u00e9 (la \u00ab\u00a0Politique\u00a0\u00bb) explique comment nous recueillons, utilisons, divulguons et prot\u00e9geons vos [&hellip;]<\/p>\n","protected":false},"author":1,"featured_media":0,"parent":0,"menu_order":0,"comment_status":"closed","ping_status":"closed","template":"","meta":{"_acf_changed":false,"footnotes":""},"class_list":["post-2550","page","type-page","status-publish","hentry"],"acf":[],"yoast_head":"<!-- This site is optimized with the Yoast SEO plugin v27.4 - https:\/\/yoast.com\/product\/yoast-seo-wordpress\/ -->\n<title>Politique de confidentialit\u00e9 - Telecomm Strategies<\/title>\n<meta name=\"robots\" content=\"index, follow, max-snippet:-1, max-image-preview:large, max-video-preview:-1\" \/>\n<link rel=\"canonical\" href=\"https:\/\/telecommstrategies.com\/fr\/politique-de-confidentialite\/\" \/>\n<meta property=\"og:locale\" content=\"fr_CA\" \/>\n<meta property=\"og:type\" content=\"article\" \/>\n<meta property=\"og:title\" content=\"Politique de confidentialit\u00e9 - Telecomm Strategies\" \/>\n<meta property=\"og:description\" content=\"Derni\u00e8re mise \u00e0 jour : 9\/02\/2026 1. Introduction Bienvenue sur telecommstrategies.com (le \u00ab\u00a0Site\u00a0\u00bb). Chez Telecomm Strategies (la \u00ab\u00a0Soci\u00e9t\u00e9\u00a0\u00bb), nous nous engageons \u00e0 prot\u00e9ger votre vie priv\u00e9e et \u00e0 nous conformer aux lois applicables en mati\u00e8re de protection des donn\u00e9es. La pr\u00e9sente politique de confidentialit\u00e9 (la \u00ab\u00a0Politique\u00a0\u00bb) explique comment nous recueillons, utilisons, divulguons et prot\u00e9geons vos [&hellip;]\" \/>\n<meta property=\"og:url\" content=\"https:\/\/telecommstrategies.com\/fr\/politique-de-confidentialite\/\" \/>\n<meta property=\"og:site_name\" content=\"Telecomm Strategies\" \/>\n<meta property=\"article:modified_time\" content=\"2026-02-10T13:19:41+00:00\" \/>\n<meta name=\"twitter:card\" content=\"summary_large_image\" \/>\n<meta name=\"twitter:label1\" content=\"Estimation du temps de lecture\" \/>\n\t<meta name=\"twitter:data1\" content=\"4 minutes\" \/>\n<script type=\"application\/ld+json\" class=\"yoast-schema-graph\">{\"@context\":\"https:\\\/\\\/schema.org\",\"@graph\":[{\"@type\":\"WebPage\",\"@id\":\"https:\\\/\\\/telecommstrategies.com\\\/fr\\\/politique-de-confidentialite\\\/\",\"url\":\"https:\\\/\\\/telecommstrategies.com\\\/fr\\\/politique-de-confidentialite\\\/\",\"name\":\"Politique de confidentialit\u00e9 - Telecomm Strategies\",\"isPartOf\":{\"@id\":\"https:\\\/\\\/telecommstrategies.com\\\/fr\\\/#website\"},\"datePublished\":\"2025-01-07T09:38:24+00:00\",\"dateModified\":\"2026-02-10T13:19:41+00:00\",\"breadcrumb\":{\"@id\":\"https:\\\/\\\/telecommstrategies.com\\\/fr\\\/politique-de-confidentialite\\\/#breadcrumb\"},\"inLanguage\":\"fr-CA\",\"potentialAction\":[{\"@type\":\"ReadAction\",\"target\":[\"https:\\\/\\\/telecommstrategies.com\\\/fr\\\/politique-de-confidentialite\\\/\"]}]},{\"@type\":\"BreadcrumbList\",\"@id\":\"https:\\\/\\\/telecommstrategies.com\\\/fr\\\/politique-de-confidentialite\\\/#breadcrumb\",\"itemListElement\":[{\"@type\":\"ListItem\",\"position\":1,\"name\":\"Home\",\"item\":\"https:\\\/\\\/telecommstrategies.com\\\/fr\\\/\"},{\"@type\":\"ListItem\",\"position\":2,\"name\":\"Politique de confidentialit\u00e9\"}]},{\"@type\":\"WebSite\",\"@id\":\"https:\\\/\\\/telecommstrategies.com\\\/fr\\\/#website\",\"url\":\"https:\\\/\\\/telecommstrategies.com\\\/fr\\\/\",\"name\":\"Telecomm Strategies\",\"description\":\"\",\"potentialAction\":[{\"@type\":\"SearchAction\",\"target\":{\"@type\":\"EntryPoint\",\"urlTemplate\":\"https:\\\/\\\/telecommstrategies.com\\\/fr\\\/?s={search_term_string}\"},\"query-input\":{\"@type\":\"PropertyValueSpecification\",\"valueRequired\":true,\"valueName\":\"search_term_string\"}}],\"inLanguage\":\"fr-CA\"}]}<\/script>\n<!-- \/ Yoast SEO plugin. -->","yoast_head_json":{"title":"Politique de confidentialit\u00e9 - Telecomm Strategies","robots":{"index":"index","follow":"follow","max-snippet":"max-snippet:-1","max-image-preview":"max-image-preview:large","max-video-preview":"max-video-preview:-1"},"canonical":"https:\/\/telecommstrategies.com\/fr\/politique-de-confidentialite\/","og_locale":"fr_CA","og_type":"article","og_title":"Politique de confidentialit\u00e9 - Telecomm Strategies","og_description":"Derni\u00e8re mise \u00e0 jour : 9\/02\/2026 1. Introduction Bienvenue sur telecommstrategies.com (le \u00ab\u00a0Site\u00a0\u00bb). Chez Telecomm Strategies (la \u00ab\u00a0Soci\u00e9t\u00e9\u00a0\u00bb), nous nous engageons \u00e0 prot\u00e9ger votre vie priv\u00e9e et \u00e0 nous conformer aux lois applicables en mati\u00e8re de protection des donn\u00e9es. La pr\u00e9sente politique de confidentialit\u00e9 (la \u00ab\u00a0Politique\u00a0\u00bb) explique comment nous recueillons, utilisons, divulguons et prot\u00e9geons vos [&hellip;]","og_url":"https:\/\/telecommstrategies.com\/fr\/politique-de-confidentialite\/","og_site_name":"Telecomm Strategies","article_modified_time":"2026-02-10T13:19:41+00:00","twitter_card":"summary_large_image","twitter_misc":{"Estimation du temps de lecture":"4 minutes"},"schema":{"@context":"https:\/\/schema.org","@graph":[{"@type":"WebPage","@id":"https:\/\/telecommstrategies.com\/fr\/politique-de-confidentialite\/","url":"https:\/\/telecommstrategies.com\/fr\/politique-de-confidentialite\/","name":"Politique de confidentialit\u00e9 - Telecomm Strategies","isPartOf":{"@id":"https:\/\/telecommstrategies.com\/fr\/#website"},"datePublished":"2025-01-07T09:38:24+00:00","dateModified":"2026-02-10T13:19:41+00:00","breadcrumb":{"@id":"https:\/\/telecommstrategies.com\/fr\/politique-de-confidentialite\/#breadcrumb"},"inLanguage":"fr-CA","potentialAction":[{"@type":"ReadAction","target":["https:\/\/telecommstrategies.com\/fr\/politique-de-confidentialite\/"]}]},{"@type":"BreadcrumbList","@id":"https:\/\/telecommstrategies.com\/fr\/politique-de-confidentialite\/#breadcrumb","itemListElement":[{"@type":"ListItem","position":1,"name":"Home","item":"https:\/\/telecommstrategies.com\/fr\/"},{"@type":"ListItem","position":2,"name":"Politique de confidentialit\u00e9"}]},{"@type":"WebSite","@id":"https:\/\/telecommstrategies.com\/fr\/#website","url":"https:\/\/telecommstrategies.com\/fr\/","name":"Telecomm Strategies","description":"","potentialAction":[{"@type":"SearchAction","target":{"@type":"EntryPoint","urlTemplate":"https:\/\/telecommstrategies.com\/fr\/?s={search_term_string}"},"query-input":{"@type":"PropertyValueSpecification","valueRequired":true,"valueName":"search_term_string"}}],"inLanguage":"fr-CA"}]}},"_links":{"self":[{"href":"https:\/\/telecommstrategies.com\/fr\/wp-json\/wp\/v2\/pages\/2550","targetHints":{"allow":["GET"]}}],"collection":[{"href":"https:\/\/telecommstrategies.com\/fr\/wp-json\/wp\/v2\/pages"}],"about":[{"href":"https:\/\/telecommstrategies.com\/fr\/wp-json\/wp\/v2\/types\/page"}],"author":[{"embeddable":true,"href":"https:\/\/telecommstrategies.com\/fr\/wp-json\/wp\/v2\/users\/1"}],"replies":[{"embeddable":true,"href":"https:\/\/telecommstrategies.com\/fr\/wp-json\/wp\/v2\/comments?post=2550"}],"version-history":[{"count":6,"href":"https:\/\/telecommstrategies.com\/fr\/wp-json\/wp\/v2\/pages\/2550\/revisions"}],"predecessor-version":[{"id":3221,"href":"https:\/\/telecommstrategies.com\/fr\/wp-json\/wp\/v2\/pages\/2550\/revisions\/3221"}],"wp:attachment":[{"href":"https:\/\/telecommstrategies.com\/fr\/wp-json\/wp\/v2\/media?parent=2550"}],"curies":[{"name":"wp","href":"https:\/\/api.w.org\/{rel}","templated":true}]}}