{"id":3177,"date":"2025-01-07T04:38:24","date_gmt":"2025-01-07T09:38:24","guid":{"rendered":"https:\/\/telecommstrategies.com\/politica-de-privacidad\/"},"modified":"2026-02-10T08:20:50","modified_gmt":"2026-02-10T13:20:50","slug":"politica-de-privacidad","status":"publish","type":"page","link":"https:\/\/telecommstrategies.com\/es\/politica-de-privacidad\/","title":{"rendered":"Pol\u00edtica de privacidad"},"content":{"rendered":"<p>\u00daltima actualizaci\u00f3n: 09\/02\/2026<\/p>\n<p><strong>1. Introducci\u00f3n<br \/>\n<\/strong>Bienvenido a telecommstrategies.com (el \u00abSitio\u00bb). En Telecomm Strategies (la \u00abEmpresa\u00bb), nos comprometemos a proteger tu privacidad y a cumplir las leyes de protecci\u00f3n de datos aplicables. Esta pol\u00edtica de privacidad (la \u00abPol\u00edtica\u00bb) explica c\u00f3mo recogemos, utilizamos, revelamos y protegemos tu informaci\u00f3n personal cuando utilizas nuestra Web.<\/p>\n<p><strong>2. Recogida de informaci\u00f3n personal<br \/>\n<\/strong>Podemos recoger los siguientes tipos de informaci\u00f3n personal cuando utilizas nuestro Sitio:<\/p>\n<ul>\n<li>Informaci\u00f3n de identificaci\u00f3n (por ejemplo, nombre, direcci\u00f3n, direcci\u00f3n de correo electr\u00f3nico, n\u00famero de tel\u00e9fono).<\/li>\n<li>Informaci\u00f3n de inicio de sesi\u00f3n (por ejemplo, direcciones IP, informaci\u00f3n de inicio de sesi\u00f3n, tipo de navegador, zona horaria, ubicaci\u00f3n, datos sobre c\u00f3mo interact\u00faas con el Sitio).<\/li>\n<li>Otra informaci\u00f3n que decidas proporcionarnos (por ejemplo, comentarios, preguntas, preferencias de comunicaci\u00f3n).<\/li>\n<\/ul>\n<p><strong>3. Cookies<\/strong><\/p>\n<p><strong>3.1 Definici\u00f3n<br \/>\n<\/strong>Una cookie es un peque\u00f1o archivo de datos de texto que es almacenado en el ordenador o dispositivo del usuario por un sitio web que visita. Las cookies se utilizan para recopilar informaci\u00f3n sobre las actividades de navegaci\u00f3n del usuario, como preferencias, configuraci\u00f3n de inicio de sesi\u00f3n, h\u00e1bitos de navegaci\u00f3n y otros datos similares. Esta informaci\u00f3n puede utilizarse para personalizar la experiencia del usuario en un sitio web, rastrear su comportamiento en l\u00ednea y habilitar ciertas funciones, como mantener una sesi\u00f3n de inicio de sesi\u00f3n.<\/p>\n<p><strong>3.2 Categor\u00edas de cookies<\/strong><\/p>\n<ol>\n<li><strong>Necesarias<\/strong><br \/>\nLas cookies necesarias son necesarias para habilitar las funciones b\u00e1sicas de este sitio, como proporcionar un inicio de sesi\u00f3n seguro o ajustar tus preferencias de consentimiento. Estas cookies no almacenan ning\u00fan dato personal identificable.<\/li>\n<li><strong>Rendimiento<\/strong><br \/>\nLas cookies de rendimiento se utilizan para comprender y analizar los \u00edndices de rendimiento clave del sitio web, lo que ayuda a ofrecer una mejor experiencia de usuario a los visitantes.<\/li>\n<li><strong>Funcionales<\/strong><br \/>\nLas cookies funcionales ayudan a realizar ciertas funcionalidades como compartir el contenido del sitio web en plataformas de medios sociales, recoger opiniones y otras funciones de terceros.<\/li>\n<li><strong>Publicidad<\/strong><br \/>\nLas cookies de publicidad se utilizan para ofrecer a los visitantes anuncios personalizados basados en las p\u00e1ginas que visitaste anteriormente y para analizar la eficacia de las campa\u00f1as publicitarias.<\/li>\n<\/ol>\n<p><strong>3.3 Activar\/desactivar y eliminar cookies<br \/>\n<\/strong>Tienes la opci\u00f3n de utilizar tu navegador web para eliminar cookies autom\u00e1tica o manualmente. Tambi\u00e9n puedes especificar que no se almacenen determinadas cookies. Otra opci\u00f3n es ajustar la configuraci\u00f3n de tu navegador web para recibir una notificaci\u00f3n cada vez que se coloque una cookie. Para obtener m\u00e1s informaci\u00f3n sobre estas opciones, consulta las instrucciones de la secci\u00f3n de ayuda de tu navegador.<\/p>\n<p>Ten en cuenta que nuestro sitio web puede no funcionar correctamente si se desactivan todas las cookies. Si eliminas las cookies de tu navegador, se volver\u00e1n a instalar con tu consentimiento cuando vuelvas a visitar nuestro sitio web.<\/p>\n<p><strong>4. Uso de la informaci\u00f3n personal<br \/>\n<\/strong>Utilizamos la informaci\u00f3n personal recopilada para los siguientes fines:<\/p>\n<ul>\n<li>Proporcionar y gestionar nuestro Sitio.<\/li>\n<li>Responder a tus peticiones, comentarios o preguntas.<\/li>\n<li>Personalizar tu experiencia en nuestro Sitio.<\/li>\n<li>Proporcionarte informaci\u00f3n, ofertas o promociones sobre nuestros productos o servicios (con tu consentimiento, si procede).<\/li>\n<li>Cumplir nuestras obligaciones legales y reglamentarias.<\/li>\n<\/ul>\n<p><strong>5. Intercambio de informaci\u00f3n personal<br \/>\n<\/strong>Podemos compartir tu informaci\u00f3n personal con los siguientes terceros:<\/p>\n<ul>\n<li>Terceros proveedores de servicios que nos ayudan en el funcionamiento de nuestro Sitio y en la prestaci\u00f3n de nuestros servicios.<\/li>\n<li>Autoridades gubernamentales u organismos reguladores para cumplir con nuestras obligaciones legales y reglamentarias.<\/li>\n<li>En el contexto de fusiones, adquisiciones u otras transacciones empresariales, si tu informaci\u00f3n personal forma parte de los activos transferidos.<\/li>\n<\/ul>\n<p><strong>6. Protecci\u00f3n de la informaci\u00f3n personal<br \/>\n<\/strong>Tomamos medidas razonables para proteger tu informaci\u00f3n personal contra p\u00e9rdida, uso indebido, acceso no autorizado, revelaci\u00f3n, alteraci\u00f3n o destrucci\u00f3n. Todos los datos se almacenan en servidores con sistemas de alta seguridad, protegidos contra el acceso no autorizado y el uso indebido. Adem\u00e1s, s\u00f3lo tienen acceso a la informaci\u00f3n las personas (empleados o agentes) que lo necesitan en el ejercicio de sus funciones.<\/p>\n<p><strong>7. Enlaces externos en nuestro Sitio<br \/>\n<\/strong>El Sitio puede incluir enlaces a sitios web gestionados por terceros. Al hacer clic en estos enlaces, abandonas el Sitio. La Empresa no tiene control alguno sobre el funcionamiento de estos sitios web, y su inclusi\u00f3n en nuestro Sitio no implica en modo alguno la responsabilidad de la Empresa sobre los mismos. Cualquier informaci\u00f3n personal que proporciones a trav\u00e9s de estos sitios web estar\u00e1 sujeta a sus respectivas pol\u00edticas de privacidad.<\/p>\n<p><strong>8. Tus derechos<br \/>\n<\/strong>Tienes ciertos derechos en relaci\u00f3n con tu informaci\u00f3n personal, incluido el derecho a acceder, corregir, eliminar y limitar el uso de tu informaci\u00f3n personal. Tambi\u00e9n puedes oponerte al tratamiento de tu informaci\u00f3n personal con fines de marketing directo. Para ejercer estos derechos, ponte en contacto con nosotros en phil@telecommstrategies.com.<\/p>\n<p><strong>9. Cambios en la Pol\u00edtica<br \/>\n<\/strong>Podemos actualizar esta Pol\u00edtica de vez en cuando para reflejar cambios en nuestras pr\u00e1cticas de procesamiento de informaci\u00f3n personal. La versi\u00f3n m\u00e1s reciente de la Pol\u00edtica estar\u00e1 siempre disponible en nuestro Sitio.<\/p>\n<p><strong>10. Ponte en contacto con nosotros<br \/>\n<\/strong>Si tienes alguna pregunta, duda o solicitud en relaci\u00f3n con esta Pol\u00edtica, ponte en contacto con nosotros en:<\/p>\n<p><strong>Dr. Philippe Dupuis<\/strong><br \/>\nPresidente y Consultor de Estrategia del Espectro<\/p>\n<div class=\"StageDataV2__ContentWrapper-rwleac-6 bCKDGV\">\n<div class=\"StageDataV2__InlineContent-rwleac-15 fMuZNT\">\n<div class=\"StageDataV2__Value-rwleac-10 cftpRO\" aria-describedby=\"ids-tooltip-gudh1oa\">phil@telecommstrategies.com<\/div>\n<\/div>\n<\/div>\n","protected":false},"excerpt":{"rendered":"<p>\u00daltima actualizaci\u00f3n: 09\/02\/2026 1. Introducci\u00f3n Bienvenido a telecommstrategies.com (el \u00abSitio\u00bb). En Telecomm Strategies (la \u00abEmpresa\u00bb), nos comprometemos a proteger tu privacidad y a cumplir las leyes de protecci\u00f3n de datos aplicables. Esta pol\u00edtica de privacidad (la \u00abPol\u00edtica\u00bb) explica c\u00f3mo recogemos, utilizamos, revelamos y protegemos tu informaci\u00f3n personal cuando utilizas nuestra Web. 2. Recogida de informaci\u00f3n [&hellip;]<\/p>\n","protected":false},"author":1,"featured_media":0,"parent":0,"menu_order":0,"comment_status":"closed","ping_status":"closed","template":"","meta":{"_acf_changed":false,"footnotes":""},"class_list":["post-3177","page","type-page","status-publish","hentry"],"acf":[],"yoast_head":"<!-- This site is optimized with the Yoast SEO plugin v27.4 - https:\/\/yoast.com\/product\/yoast-seo-wordpress\/ -->\n<title>Pol\u00edtica de privacidad - Telecomm Strategies<\/title>\n<meta name=\"robots\" content=\"index, follow, max-snippet:-1, max-image-preview:large, max-video-preview:-1\" \/>\n<link rel=\"canonical\" href=\"https:\/\/telecommstrategies.com\/es\/politica-de-privacidad\/\" \/>\n<meta property=\"og:locale\" content=\"es_ES\" \/>\n<meta property=\"og:type\" content=\"article\" \/>\n<meta property=\"og:title\" content=\"Pol\u00edtica de privacidad - Telecomm Strategies\" \/>\n<meta property=\"og:description\" content=\"\u00daltima actualizaci\u00f3n: 09\/02\/2026 1. Introducci\u00f3n Bienvenido a telecommstrategies.com (el \u00abSitio\u00bb). En Telecomm Strategies (la \u00abEmpresa\u00bb), nos comprometemos a proteger tu privacidad y a cumplir las leyes de protecci\u00f3n de datos aplicables. Esta pol\u00edtica de privacidad (la \u00abPol\u00edtica\u00bb) explica c\u00f3mo recogemos, utilizamos, revelamos y protegemos tu informaci\u00f3n personal cuando utilizas nuestra Web. 2. Recogida de informaci\u00f3n [&hellip;]\" \/>\n<meta property=\"og:url\" content=\"https:\/\/telecommstrategies.com\/es\/politica-de-privacidad\/\" \/>\n<meta property=\"og:site_name\" content=\"Telecomm Strategies\" \/>\n<meta property=\"article:modified_time\" content=\"2026-02-10T13:20:50+00:00\" \/>\n<meta name=\"twitter:card\" content=\"summary_large_image\" \/>\n<meta name=\"twitter:label1\" content=\"Tiempo de lectura\" \/>\n\t<meta name=\"twitter:data1\" content=\"4 minutos\" \/>\n<script type=\"application\/ld+json\" class=\"yoast-schema-graph\">{\"@context\":\"https:\\\/\\\/schema.org\",\"@graph\":[{\"@type\":\"WebPage\",\"@id\":\"https:\\\/\\\/telecommstrategies.com\\\/es\\\/politica-de-privacidad\\\/\",\"url\":\"https:\\\/\\\/telecommstrategies.com\\\/es\\\/politica-de-privacidad\\\/\",\"name\":\"Pol\u00edtica de privacidad - Telecomm Strategies\",\"isPartOf\":{\"@id\":\"https:\\\/\\\/telecommstrategies.com\\\/es\\\/#website\"},\"datePublished\":\"2025-01-07T09:38:24+00:00\",\"dateModified\":\"2026-02-10T13:20:50+00:00\",\"breadcrumb\":{\"@id\":\"https:\\\/\\\/telecommstrategies.com\\\/es\\\/politica-de-privacidad\\\/#breadcrumb\"},\"inLanguage\":\"es\",\"potentialAction\":[{\"@type\":\"ReadAction\",\"target\":[\"https:\\\/\\\/telecommstrategies.com\\\/es\\\/politica-de-privacidad\\\/\"]}]},{\"@type\":\"BreadcrumbList\",\"@id\":\"https:\\\/\\\/telecommstrategies.com\\\/es\\\/politica-de-privacidad\\\/#breadcrumb\",\"itemListElement\":[{\"@type\":\"ListItem\",\"position\":1,\"name\":\"Home\",\"item\":\"https:\\\/\\\/telecommstrategies.com\\\/es\\\/\"},{\"@type\":\"ListItem\",\"position\":2,\"name\":\"Pol\u00edtica de privacidad\"}]},{\"@type\":\"WebSite\",\"@id\":\"https:\\\/\\\/telecommstrategies.com\\\/es\\\/#website\",\"url\":\"https:\\\/\\\/telecommstrategies.com\\\/es\\\/\",\"name\":\"Telecomm Strategies\",\"description\":\"\",\"potentialAction\":[{\"@type\":\"SearchAction\",\"target\":{\"@type\":\"EntryPoint\",\"urlTemplate\":\"https:\\\/\\\/telecommstrategies.com\\\/es\\\/?s={search_term_string}\"},\"query-input\":{\"@type\":\"PropertyValueSpecification\",\"valueRequired\":true,\"valueName\":\"search_term_string\"}}],\"inLanguage\":\"es\"}]}<\/script>\n<!-- \/ Yoast SEO plugin. -->","yoast_head_json":{"title":"Pol\u00edtica de privacidad - Telecomm Strategies","robots":{"index":"index","follow":"follow","max-snippet":"max-snippet:-1","max-image-preview":"max-image-preview:large","max-video-preview":"max-video-preview:-1"},"canonical":"https:\/\/telecommstrategies.com\/es\/politica-de-privacidad\/","og_locale":"es_ES","og_type":"article","og_title":"Pol\u00edtica de privacidad - Telecomm Strategies","og_description":"\u00daltima actualizaci\u00f3n: 09\/02\/2026 1. Introducci\u00f3n Bienvenido a telecommstrategies.com (el \u00abSitio\u00bb). En Telecomm Strategies (la \u00abEmpresa\u00bb), nos comprometemos a proteger tu privacidad y a cumplir las leyes de protecci\u00f3n de datos aplicables. Esta pol\u00edtica de privacidad (la \u00abPol\u00edtica\u00bb) explica c\u00f3mo recogemos, utilizamos, revelamos y protegemos tu informaci\u00f3n personal cuando utilizas nuestra Web. 2. Recogida de informaci\u00f3n [&hellip;]","og_url":"https:\/\/telecommstrategies.com\/es\/politica-de-privacidad\/","og_site_name":"Telecomm Strategies","article_modified_time":"2026-02-10T13:20:50+00:00","twitter_card":"summary_large_image","twitter_misc":{"Tiempo de lectura":"4 minutos"},"schema":{"@context":"https:\/\/schema.org","@graph":[{"@type":"WebPage","@id":"https:\/\/telecommstrategies.com\/es\/politica-de-privacidad\/","url":"https:\/\/telecommstrategies.com\/es\/politica-de-privacidad\/","name":"Pol\u00edtica de privacidad - Telecomm Strategies","isPartOf":{"@id":"https:\/\/telecommstrategies.com\/es\/#website"},"datePublished":"2025-01-07T09:38:24+00:00","dateModified":"2026-02-10T13:20:50+00:00","breadcrumb":{"@id":"https:\/\/telecommstrategies.com\/es\/politica-de-privacidad\/#breadcrumb"},"inLanguage":"es","potentialAction":[{"@type":"ReadAction","target":["https:\/\/telecommstrategies.com\/es\/politica-de-privacidad\/"]}]},{"@type":"BreadcrumbList","@id":"https:\/\/telecommstrategies.com\/es\/politica-de-privacidad\/#breadcrumb","itemListElement":[{"@type":"ListItem","position":1,"name":"Home","item":"https:\/\/telecommstrategies.com\/es\/"},{"@type":"ListItem","position":2,"name":"Pol\u00edtica de privacidad"}]},{"@type":"WebSite","@id":"https:\/\/telecommstrategies.com\/es\/#website","url":"https:\/\/telecommstrategies.com\/es\/","name":"Telecomm Strategies","description":"","potentialAction":[{"@type":"SearchAction","target":{"@type":"EntryPoint","urlTemplate":"https:\/\/telecommstrategies.com\/es\/?s={search_term_string}"},"query-input":{"@type":"PropertyValueSpecification","valueRequired":true,"valueName":"search_term_string"}}],"inLanguage":"es"}]}},"_links":{"self":[{"href":"https:\/\/telecommstrategies.com\/es\/wp-json\/wp\/v2\/pages\/3177","targetHints":{"allow":["GET"]}}],"collection":[{"href":"https:\/\/telecommstrategies.com\/es\/wp-json\/wp\/v2\/pages"}],"about":[{"href":"https:\/\/telecommstrategies.com\/es\/wp-json\/wp\/v2\/types\/page"}],"author":[{"embeddable":true,"href":"https:\/\/telecommstrategies.com\/es\/wp-json\/wp\/v2\/users\/1"}],"replies":[{"embeddable":true,"href":"https:\/\/telecommstrategies.com\/es\/wp-json\/wp\/v2\/comments?post=3177"}],"version-history":[{"count":1,"href":"https:\/\/telecommstrategies.com\/es\/wp-json\/wp\/v2\/pages\/3177\/revisions"}],"predecessor-version":[{"id":3223,"href":"https:\/\/telecommstrategies.com\/es\/wp-json\/wp\/v2\/pages\/3177\/revisions\/3223"}],"wp:attachment":[{"href":"https:\/\/telecommstrategies.com\/es\/wp-json\/wp\/v2\/media?parent=3177"}],"curies":[{"name":"wp","href":"https:\/\/api.w.org\/{rel}","templated":true}]}}